{"id":9,"date":"2025-11-27T01:35:47","date_gmt":"2025-11-27T07:35:47","guid":{"rendered":"https:\/\/ferretornillos.directorio-comercial.com\/?page_id=9"},"modified":"2025-12-04T03:39:57","modified_gmt":"2025-12-04T09:39:57","slug":"inicio","status":"publish","type":"page","link":"https:\/\/ferretornillos.directorio-comercial.com\/","title":{"rendered":"Inicio"},"content":{"rendered":"\n<div class=\"wp-block-columns is-layout-flex wp-container-core-columns-is-layout-28f84493 wp-block-columns-is-layout-flex\">\n<div class=\"wp-block-column is-layout-flow wp-block-column-is-layout-flow\" style=\"flex-basis:2%\"><\/div>\n\n\n\n<div class=\"wp-block-column is-layout-flow wp-block-column-is-layout-flow\" style=\"flex-basis:96%\">\n<div class=\"wp-block-group is-content-justification-center is-nowrap is-layout-flex wp-container-core-group-is-layout-23441af8 wp-block-group-is-layout-flex\">\n<img loading=\"lazy\" decoding=\"async\" width=\"1583\" height=\"635\" data-media-id=\"26\" class=\"gb-media-be0e8361\" alt=\"\" src=\"https:\/\/ferretornillos.directorio-comercial.com\/wp-content\/uploads\/2025\/11\/poster.png\" srcset=\"https:\/\/ferretornillos.directorio-comercial.com\/wp-content\/uploads\/2025\/11\/poster.png 1583w, https:\/\/ferretornillos.directorio-comercial.com\/wp-content\/uploads\/2025\/11\/poster-300x120.png 300w, https:\/\/ferretornillos.directorio-comercial.com\/wp-content\/uploads\/2025\/11\/poster-1024x411.png 1024w, https:\/\/ferretornillos.directorio-comercial.com\/wp-content\/uploads\/2025\/11\/poster-768x308.png 768w, https:\/\/ferretornillos.directorio-comercial.com\/wp-content\/uploads\/2025\/11\/poster-1536x616.png 1536w\" sizes=\"auto, (max-width: 1583px) 100vw, 1583px\" \/>\n<\/div>\n<\/div>\n\n\n\n<div class=\"wp-block-column is-layout-flow wp-block-column-is-layout-flow\" style=\"flex-basis:2%\"><\/div>\n<\/div>\n\n\n\n<div class=\"wp-block-group has-global-padding is-layout-constrained wp-block-group-is-layout-constrained\">\n<div class=\"wp-block-group is-vertical is-content-justification-center is-layout-flex wp-container-core-group-is-layout-ce155fab wp-block-group-is-layout-flex\">\n<h1 class=\"gb-text gb-text-8ae5e70e\">Ferretornillos de la Cruz<\/h1>\n\n\n\n<p class=\"gb-text gb-text-518dcf8c\">Tu ferreter\u00eda de confianza en Pabell\u00f3n de Arteaga. Herramientas, torniller\u00eda y materiales para construcci\u00f3n al mejor precio, con atenci\u00f3n r\u00e1pida y soluciones para cualquier proyecto. \u00a1Todo lo que necesitas en un solo lugar!<\/p>\n\n\n\n\n\n\n\n\n<\/div>\n<\/div>\n","protected":false},"excerpt":{"rendered":"<p>Ferretornillos de la Cruz Tu ferreter\u00eda de confianza en Pabell\u00f3n de Arteaga. Herramientas, torniller\u00eda y materiales para construcci\u00f3n al mejor precio, con atenci\u00f3n r\u00e1pida y soluciones para cualquier proyecto. \u00a1Todo lo que necesitas en un solo lugar!<\/p>\n","protected":false},"author":1,"featured_media":0,"parent":0,"menu_order":0,"comment_status":"closed","ping_status":"closed","template":"page-no-title","meta":{"_acf_changed":false,"footnotes":""},"class_list":["post-9","page","type-page","status-publish","hentry"],"acf":[],"_links":{"self":[{"href":"https:\/\/ferretornillos.directorio-comercial.com\/index.php?rest_route=\/wp\/v2\/pages\/9","targetHints":{"allow":["GET"]}}],"collection":[{"href":"https:\/\/ferretornillos.directorio-comercial.com\/index.php?rest_route=\/wp\/v2\/pages"}],"about":[{"href":"https:\/\/ferretornillos.directorio-comercial.com\/index.php?rest_route=\/wp\/v2\/types\/page"}],"author":[{"embeddable":true,"href":"https:\/\/ferretornillos.directorio-comercial.com\/index.php?rest_route=\/wp\/v2\/users\/1"}],"replies":[{"embeddable":true,"href":"https:\/\/ferretornillos.directorio-comercial.com\/index.php?rest_route=%2Fwp%2Fv2%2Fcomments&post=9"}],"version-history":[{"count":5,"href":"https:\/\/ferretornillos.directorio-comercial.com\/index.php?rest_route=\/wp\/v2\/pages\/9\/revisions"}],"predecessor-version":[{"id":37,"href":"https:\/\/ferretornillos.directorio-comercial.com\/index.php?rest_route=\/wp\/v2\/pages\/9\/revisions\/37"}],"wp:attachment":[{"href":"https:\/\/ferretornillos.directorio-comercial.com\/index.php?rest_route=%2Fwp%2Fv2%2Fmedia&parent=9"}],"curies":[{"name":"wp","href":"https:\/\/api.w.org\/{rel}","templated":true}]}}